{"id":989437,"date":"2024-06-13T09:34:33","date_gmt":"2024-06-13T13:34:33","guid":{"rendered":"https:\/\/ss360.ca\/shop\/meches-foret-a-percussion-5-32-x-4-rok\/"},"modified":"2024-10-18T15:24:04","modified_gmt":"2024-10-18T19:24:04","slug":"meches-foret-a-percussion-5-32-x-4-rok","status":"publish","type":"product","link":"https:\/\/ss360.ca\/en\/shop\/percussion-drill-bits-5-32-x-4-rok\/","title":{"rendered":"Percussion Drill Bits 5\/32 x 4 - ROK"},"content":{"rendered":"<div class=\"vgblk-rw-wrapper limit-wrapper\">\n<p>Need to drill with precision and power? Our ROK percussion drill bits, size 5\/32 x 4, are here to save the day! Whether you're drilling concrete, brick or stone, these drill bits are as tough as you are! No stress, just clean, perfect holes. Get into \"DIY commando\" mode with ROK!<\/p>\n<\/div>\n<p><!-- .vgblk-rw-wrapper --><\/p>","protected":false},"excerpt":{"rendered":"<p>Besoin de percer avec pr\u00e9cision et puissance? Nos m\u00e8ches foret \u00e0 percussion ROK, taille 5\/32 x 4, sont l\u00e0 pour vous sauver la mise! Que ce soit pour du b\u00e9ton, de la brique ou de la pierre, ces m\u00e8ches sont aussi r\u00e9sistantes que votre envie de bricoler! Pas de stress, juste des trous nets et&#8230;<\/p>","protected":false},"featured_media":989439,"comment_status":"open","ping_status":"closed","template":"","meta":[],"product_brand":[],"product_cat":[106],"product_tag":[],"class_list":{"0":"post-989437","1":"product","2":"type-product","3":"status-publish","4":"has-post-thumbnail","6":"product_cat-groupe-ss360","8":"first","9":"instock","10":"taxable","11":"shipping-taxable","12":"purchasable","13":"product-type-variable"},"_links":{"self":[{"href":"https:\/\/ss360.ca\/en\/wp-json\/wp\/v2\/product\/989437","targetHints":{"allow":["GET"]}}],"collection":[{"href":"https:\/\/ss360.ca\/en\/wp-json\/wp\/v2\/product"}],"about":[{"href":"https:\/\/ss360.ca\/en\/wp-json\/wp\/v2\/types\/product"}],"replies":[{"embeddable":true,"href":"https:\/\/ss360.ca\/en\/wp-json\/wp\/v2\/comments?post=989437"}],"wp:featuredmedia":[{"embeddable":true,"href":"https:\/\/ss360.ca\/en\/wp-json\/wp\/v2\/media\/989439"}],"wp:attachment":[{"href":"https:\/\/ss360.ca\/en\/wp-json\/wp\/v2\/media?parent=989437"}],"wp:term":[{"taxonomy":"product_brand","embeddable":true,"href":"https:\/\/ss360.ca\/en\/wp-json\/wp\/v2\/product_brand?post=989437"},{"taxonomy":"product_cat","embeddable":true,"href":"https:\/\/ss360.ca\/en\/wp-json\/wp\/v2\/product_cat?post=989437"},{"taxonomy":"product_tag","embeddable":true,"href":"https:\/\/ss360.ca\/en\/wp-json\/wp\/v2\/product_tag?post=989437"}],"curies":[{"name":"wp","href":"https:\/\/api.w.org\/{rel}","templated":true}]}}